{"id":22,"date":"2017-04-28T19:27:46","date_gmt":"2017-04-28T17:27:46","guid":{"rendered":"http:\/\/pension-schuette-steiner.de\/wordpress\/?page_id=22"},"modified":"2017-05-03T20:11:12","modified_gmt":"2017-05-03T18:11:12","slug":"zimmer","status":"publish","type":"page","link":"https:\/\/pension-schuette-steiner.de\/wordpress\/zimmer\/","title":{"rendered":"Zimmer"},"content":{"rendered":"<p>Unsere vier Zimmer bieten feste Schlafm\u00f6glichkeiten f\u00fcr 7 Personen.<\/p>\n<p>Die M\u00f6glichkeit einer Erweiterung der Schlafpl\u00e4tze, ist durch die Hinzubuchung von Beistellbetten\/Kinderbetten vorhanden.<\/p>\n<p>Des weiteren verf\u00fcgt unser Haus \u00fcber eine sehr gut ausgestattete K\u00fcche, die von allen G\u00e4sten genutzt werden darf.<\/p>\n<p>Je Etage ist ein gro\u00dfz\u00fcgig eingerichtetes Badezimmer vorhanden.<\/p>\n<p>Das Badezimmer in der ersten Etage verf\u00fcgt \u00fcber eine Dusche, Badewanne, WC und Wickelkomode.<\/p>\n<p>Das Badezimmer im Erdgeschoss verf\u00fcgt \u00fcber Dusche und WC.<\/p>\n","protected":false},"excerpt":{"rendered":"<p>Unsere vier Zimmer bieten feste Schlafm\u00f6glichkeiten f\u00fcr 7 Personen. Die M\u00f6glichkeit einer Erweiterung der Schlafpl\u00e4tze, ist durch die Hinzubuchung von Beistellbetten\/Kinderbetten vorhanden. Des weiteren verf\u00fcgt &hellip;<\/p>\n","protected":false},"author":2,"featured_media":0,"parent":0,"menu_order":0,"comment_status":"closed","ping_status":"closed","template":"","meta":{"jetpack_post_was_ever_published":false,"footnotes":""},"class_list":["post-22","page","type-page","status-publish","hentry"],"jetpack_sharing_enabled":true,"jetpack_shortlink":"https:\/\/wp.me\/P8Fw8Z-m","_links":{"self":[{"href":"https:\/\/pension-schuette-steiner.de\/wordpress\/wp-json\/wp\/v2\/pages\/22"}],"collection":[{"href":"https:\/\/pension-schuette-steiner.de\/wordpress\/wp-json\/wp\/v2\/pages"}],"about":[{"href":"https:\/\/pension-schuette-steiner.de\/wordpress\/wp-json\/wp\/v2\/types\/page"}],"author":[{"embeddable":true,"href":"https:\/\/pension-schuette-steiner.de\/wordpress\/wp-json\/wp\/v2\/users\/2"}],"replies":[{"embeddable":true,"href":"https:\/\/pension-schuette-steiner.de\/wordpress\/wp-json\/wp\/v2\/comments?post=22"}],"version-history":[{"count":2,"href":"https:\/\/pension-schuette-steiner.de\/wordpress\/wp-json\/wp\/v2\/pages\/22\/revisions"}],"predecessor-version":[{"id":39,"href":"https:\/\/pension-schuette-steiner.de\/wordpress\/wp-json\/wp\/v2\/pages\/22\/revisions\/39"}],"wp:attachment":[{"href":"https:\/\/pension-schuette-steiner.de\/wordpress\/wp-json\/wp\/v2\/media?parent=22"}],"curies":[{"name":"wp","href":"https:\/\/api.w.org\/{rel}","templated":true}]}}