{"id":10,"date":"2017-04-26T20:18:25","date_gmt":"2017-04-26T18:18:25","guid":{"rendered":"http:\/\/pension-schuette-steiner.de\/wordpress\/?page_id=10"},"modified":"2024-09-13T18:25:04","modified_gmt":"2024-09-13T16:25:04","slug":"impressum","status":"publish","type":"page","link":"https:\/\/pension-schuette-steiner.de\/wordpress\/impressum\/","title":{"rendered":"Impressum"},"content":{"rendered":"<h4>Angaben gem\u00e4\u00df \u00a7 5 TMG:<\/h4>\n<p>Karin Steiner<br \/>\nPension Sch\u00fctte Steiner<br \/>\nHauptstra\u00dfe 14<br \/>\n59609 Anr\u00f6chte<\/p>\n<h4>Kontakt:<\/h4>\n<p>Telefon: 0151 290 406 43<br \/>\nE-Mail: Info[at]Pension-Schuette-Steiner[dot]de<\/p>\n<p><strong>Steuernummer:<\/strong><br \/>\n330\/5149\/1071<\/p>\n<h4>Verantwortlich f\u00fcr den Inhalt nach \u00a7 55 Abs. 2 RStV:<\/h4>\n<p>Karin Steiner<br \/>\nHauptstra\u00dfe 14<br \/>\n59609 Anr\u00f6chte<\/p>\n<h4>Haftungsausschluss (Disclaimer)<\/h4>\n<h4>Haftung f\u00fcr Inhalte<\/h4>\n<p>Als Diensteanbieter sind wir gem\u00e4\u00df \u00a7 7 Abs.1 TMG f\u00fcr eigene Inhalte auf diesen Seiten nach den allgemeinen<br \/>\nGesetzen verantwortlich. Nach \u00a7\u00a7 8 bis 10 TMG sind wir als Diensteanbieter jedoch nicht verpflichtet,<br \/>\n\u00fcbermittelte oder gespeicherte fremde Informationen zu \u00fcberwachen oder nach Umst\u00e4nden zu forschen, die auf<br \/>\neine rechtswidrige T\u00e4tigkeit hinweisen.<br \/>\nVerpflichtungen zur Entfernung oder Sperrung der Nutzung von Informationen nach den allgemeinen Gesetzen<br \/>\nbleiben hiervon unber\u00fchrt. Eine diesbez\u00fcgliche Haftung ist jedoch erst ab dem Zeitpunkt der Kenntnis einer<br \/>\nkonkreten Rechtsverletzung m\u00f6glich. Bei Bekanntwerden von entsprechenden Rechtsverletzungen werden wir<br \/>\ndiese Inhalte umgehend entfernen.<\/p>\n<h4>Haftung f\u00fcr Links<\/h4>\n<p>Unser Angebot enth\u00e4lt Links zu externen Webseiten Dritter, auf deren Inhalte wir keinen Einfluss haben.<br \/>\nDeshalb k\u00f6nnen wir f\u00fcr diese fremden Inhalte auch keine Gew\u00e4hr \u00fcbernehmen. F\u00fcr die Inhalte der verlinkten<br \/>\nSeiten ist stets der jeweilige Anbieter oder Betreiber der Seiten verantwortlich. Die verlinkten Seiten wurden zum<br \/>\nZeitpunkt der Verlinkung auf m\u00f6gliche Rechtsverst\u00f6\u00dfe \u00fcberpr\u00fcft. Rechtswidrige Inhalte waren zum Zeitpunkt der<br \/>\nVerlinkung nicht erkennbar.<br \/>\nEine permanente inhaltliche Kontrolle der verlinkten Seiten ist jedoch ohne konkrete Anhaltspunkte einer<br \/>\nRechtsverletzung nicht zumutbar. Bei Bekanntwerden von Rechtsverletzungen werden wir derartige Links<br \/>\numgehend entfernen.<\/p>\n<h4>Urheberrecht<\/h4>\n<p>Die durch die Seitenbetreiber erstellten Inhalte und Werke auf diesen Seiten unterliegen dem deutschen<br \/>\nUrheberrecht. Die Vervielf\u00e4ltigung, Bearbeitung, Verbreitung und jede Art der Verwertung au\u00dferhalb der<br \/>\nGrenzen des Urheberrechtes bed\u00fcrfen der schriftlichen Zustimmung des jeweiligen Autors bzw. Erstellers.<br \/>\nDownloads und Kopien dieser Seite sind nur f\u00fcr den privaten, nicht kommerziellen Gebrauch gestattet.<br \/>\nSoweit die Inhalte auf dieser Seite nicht vom Betreiber erstellt wurden, werden die Urheberrechte Dritter<br \/>\nbeachtet. Insbesondere werden Inhalte Dritter als solche gekennzeichnet. Sollten Sie trotzdem auf eine<br \/>\nUrheberrechtsverletzung aufmerksam werden, bitten wir um einen entsprechenden Hinweis. Bei Bekanntwerden<br \/>\nvon Rechtsverletzungen werden wir derartige Inhalte umgehend entfernen.<\/p>\n<h4>Kommentarfunktion auf dieser Webseite<\/h4>\n<p>Wenn Sie uns per Kontaktformular Anfragen zukommen lassen, werden Ihre Angaben aus dem Anfrageformular<br \/>\ninklusive der von Ihnen dort angegebenen Kontaktdaten zwecks Bearbeitung der Anfrage und f\u00fcr den Fall von<br \/>\nAnschlussfragen bei uns gespeichert. Diese Daten geben wir nicht ohne Ihre Einwilligung weiter.<\/p>\n<h4>Online-Streitbeilegung<\/h4>\n<p><span style=\"font-size: 10.5pt; font-family: 'Arial',sans-serif; color: #444444;\">Plattform der Europ\u00e4ischen Kommission zur Online-Streitbeilegung (OS) f\u00fcr Verbraucher: <a href=\"https:\/\/ec.europa.eu\/consumers\/odr\/\">https:\/\/ec.europa.eu\/consumers\/odr\/<\/a>. Wir sind nicht bereit und nicht verpflichtet an einem Streitbeilegungsverfahren vor einer Verbraucherschlichtungsstelle teilzunehmen.<\/span><\/p>\n","protected":false},"excerpt":{"rendered":"<p>Angaben gem\u00e4\u00df \u00a7 5 TMG: Karin Steiner Pension Sch\u00fctte Steiner Hauptstra\u00dfe 14 59609 Anr\u00f6chte Kontakt: Telefon: 0151 290 406 43 E-Mail: Info[at]Pension-Schuette-Steiner[dot]de Steuernummer: 330\/5149\/1071 Verantwortlich &hellip;<\/p>\n","protected":false},"author":1,"featured_media":0,"parent":0,"menu_order":0,"comment_status":"closed","ping_status":"closed","template":"","meta":{"jetpack_post_was_ever_published":false,"footnotes":""},"class_list":["post-10","page","type-page","status-publish","hentry"],"jetpack_sharing_enabled":true,"jetpack_shortlink":"https:\/\/wp.me\/P8Fw8Z-a","_links":{"self":[{"href":"https:\/\/pension-schuette-steiner.de\/wordpress\/wp-json\/wp\/v2\/pages\/10"}],"collection":[{"href":"https:\/\/pension-schuette-steiner.de\/wordpress\/wp-json\/wp\/v2\/pages"}],"about":[{"href":"https:\/\/pension-schuette-steiner.de\/wordpress\/wp-json\/wp\/v2\/types\/page"}],"author":[{"embeddable":true,"href":"https:\/\/pension-schuette-steiner.de\/wordpress\/wp-json\/wp\/v2\/users\/1"}],"replies":[{"embeddable":true,"href":"https:\/\/pension-schuette-steiner.de\/wordpress\/wp-json\/wp\/v2\/comments?post=10"}],"version-history":[{"count":5,"href":"https:\/\/pension-schuette-steiner.de\/wordpress\/wp-json\/wp\/v2\/pages\/10\/revisions"}],"predecessor-version":[{"id":1208,"href":"https:\/\/pension-schuette-steiner.de\/wordpress\/wp-json\/wp\/v2\/pages\/10\/revisions\/1208"}],"wp:attachment":[{"href":"https:\/\/pension-schuette-steiner.de\/wordpress\/wp-json\/wp\/v2\/media?parent=10"}],"curies":[{"name":"wp","href":"https:\/\/api.w.org\/{rel}","templated":true}]}}